
{"id":10067,"date":"2025-11-02T23:18:55","date_gmt":"2025-11-03T02:18:55","guid":{"rendered":"https:\/\/7ports.com.br\/?page_id=10067"},"modified":"2025-11-12T23:01:50","modified_gmt":"2025-11-13T02:01:50","slug":"editoriais","status":"publish","type":"page","link":"https:\/\/7ports.com.br\/?page_id=10067","title":{"rendered":"Editoriais"},"content":{"rendered":"\n<h2 class=\"wp-block-heading\">Todos os editoriais encontraremos os links, organizados por data nesta pagina.<\/h2>\n\n\n\n<div class=\"wp-block-media-text alignwide is-stacked-on-mobile\"><figure class=\"wp-block-media-text__media\"><img decoding=\"async\" loading=\"lazy\" width=\"1000\" height=\"341\" src=\"https:\/\/7ports.com.br\/wp-content\/uploads\/2025\/11\/Sindrome-1.png\" alt=\"\" class=\"wp-image-10165 size-full\" srcset=\"https:\/\/7ports.com.br\/wp-content\/uploads\/2025\/11\/Sindrome-1.png 1000w, https:\/\/7ports.com.br\/wp-content\/uploads\/2025\/11\/Sindrome-1-300x102.png 300w, https:\/\/7ports.com.br\/wp-content\/uploads\/2025\/11\/Sindrome-1-768x262.png 768w\" sizes=\"(max-width: 1000px) 100vw, 1000px\" \/><\/figure><div class=\"wp-block-media-text__content\">\n<p>a<\/p>\n<\/div><\/div>\n\n\n\n<hr class=\"wp-block-separator has-alpha-channel-opacity\"\/>\n\n\n\n<div class=\"wp-block-media-text alignwide is-stacked-on-mobile\" style=\"grid-template-columns:41% auto\"><figure class=\"wp-block-media-text__media\"><img decoding=\"async\" loading=\"lazy\" width=\"993\" height=\"323\" src=\"https:\/\/7ports.com.br\/wp-content\/uploads\/2025\/11\/Imagem1.png\" alt=\"\" class=\"wp-image-10149 size-full\" srcset=\"https:\/\/7ports.com.br\/wp-content\/uploads\/2025\/11\/Imagem1.png 993w, https:\/\/7ports.com.br\/wp-content\/uploads\/2025\/11\/Imagem1-300x98.png 300w, https:\/\/7ports.com.br\/wp-content\/uploads\/2025\/11\/Imagem1-768x250.png 768w\" sizes=\"(max-width: 993px) 100vw, 993px\" \/><\/figure><div class=\"wp-block-media-text__content\">\n<p>Texto: <a href=\"https:\/\/7ports.com.br\/?p=10147\" data-type=\"URL\" data-id=\"https:\/\/7ports.com.br\/?p=10147\">https:\/\/7ports.com.br\/?p=10147<\/a>o <\/p>\n<\/div><\/div>\n\n\n\n<hr class=\"wp-block-separator has-alpha-channel-opacity\"\/>\n\n\n\n<div class=\"wp-block-media-text alignwide is-stacked-on-mobile\" style=\"grid-template-columns:41% auto\"><figure class=\"wp-block-media-text__media\"><img decoding=\"async\" loading=\"lazy\" width=\"893\" height=\"329\" src=\"https:\/\/7ports.com.br\/wp-content\/uploads\/2025\/11\/Governadores-Omissos.png\" alt=\"\" class=\"wp-image-10129 size-full\" srcset=\"https:\/\/7ports.com.br\/wp-content\/uploads\/2025\/11\/Governadores-Omissos.png 893w, https:\/\/7ports.com.br\/wp-content\/uploads\/2025\/11\/Governadores-Omissos-300x111.png 300w, https:\/\/7ports.com.br\/wp-content\/uploads\/2025\/11\/Governadores-Omissos-768x283.png 768w\" sizes=\"(max-width: 893px) 100vw, 893px\" \/><\/figure><div class=\"wp-block-media-text__content\">\n<ul>\n<li>Artigo: Governadores Omissos<\/li>\n\n\n\n<li>Editor: Agenor Candido<\/li>\n\n\n\n<li>Data: 05\/11\/2025<\/li>\n\n\n\n<li>Texto:<\/li>\n<\/ul>\n<\/div><\/div>\n\n\n\n<hr class=\"wp-block-separator has-alpha-channel-opacity\"\/>\n\n\n\n<div class=\"wp-block-media-text alignwide is-stacked-on-mobile\" style=\"grid-template-columns:41% auto\"><figure class=\"wp-block-media-text__media\"><img decoding=\"async\" loading=\"lazy\" width=\"1002\" height=\"416\" src=\"https:\/\/7ports.com.br\/wp-content\/uploads\/2025\/11\/Imagem2-1.png\" alt=\"\" class=\"wp-image-10094 size-full\" srcset=\"https:\/\/7ports.com.br\/wp-content\/uploads\/2025\/11\/Imagem2-1.png 1002w, https:\/\/7ports.com.br\/wp-content\/uploads\/2025\/11\/Imagem2-1-300x125.png 300w, https:\/\/7ports.com.br\/wp-content\/uploads\/2025\/11\/Imagem2-1-768x319.png 768w\" sizes=\"(max-width: 1002px) 100vw, 1002px\" \/><\/figure><div class=\"wp-block-media-text__content\">\n<ul>\n<li>Artigo: Brasil ref\u00e9m do narcoterrorismo<\/li>\n\n\n\n<li>Editor: Agenor Candido <\/li>\n\n\n\n<li>Data: 04\/11\/2025<\/li>\n\n\n\n<li>Texto: <a href=\"https:\/\/7ports.com.br\/?p=10018\">https:\/\/7ports.com.br\/?p=10018<\/a><\/li>\n<\/ul>\n<\/div><\/div>\n\n\n\n<hr class=\"wp-block-separator has-alpha-channel-opacity\"\/>\n\n\n\n<div class=\"wp-block-media-text alignwide is-stacked-on-mobile\" style=\"grid-template-columns:41% auto\"><figure class=\"wp-block-media-text__media\"><img decoding=\"async\" loading=\"lazy\" width=\"1000\" height=\"400\" src=\"https:\/\/7ports.com.br\/wp-content\/uploads\/2025\/10\/Lixo-Humano-II.png\" alt=\"\" class=\"wp-image-10063 size-full\" srcset=\"https:\/\/7ports.com.br\/wp-content\/uploads\/2025\/10\/Lixo-Humano-II.png 1000w, https:\/\/7ports.com.br\/wp-content\/uploads\/2025\/10\/Lixo-Humano-II-300x120.png 300w, https:\/\/7ports.com.br\/wp-content\/uploads\/2025\/10\/Lixo-Humano-II-768x307.png 768w\" sizes=\"(max-width: 1000px) 100vw, 1000px\" \/><\/figure><div class=\"wp-block-media-text__content\">\n<ul>\n<li>Artigo: Lixo Humano<\/li>\n\n\n\n<li>Editor Resposavel: Agenor Candido<\/li>\n\n\n\n<li>Data 03\/11\/2025<\/li>\n\n\n\n<li>Texto: <a href=\"https:\/\/7ports.com.br\/?p=9960\">https:\/\/7ports.com.br\/?p=9960<\/a><\/li>\n<\/ul>\n<\/div><\/div>\n\n\n\n<hr class=\"wp-block-separator has-alpha-channel-opacity\"\/>\n\n\n\n<div class=\"wp-block-media-text alignwide is-stacked-on-mobile\" style=\"grid-template-columns:42% auto\"><figure class=\"wp-block-media-text__media\"><img decoding=\"async\" loading=\"lazy\" width=\"1022\" height=\"353\" src=\"https:\/\/7ports.com.br\/wp-content\/uploads\/2025\/10\/Agenor-Narcoterrorismo.png\" alt=\"\" class=\"wp-image-10022 size-full\" srcset=\"https:\/\/7ports.com.br\/wp-content\/uploads\/2025\/10\/Agenor-Narcoterrorismo.png 1022w, https:\/\/7ports.com.br\/wp-content\/uploads\/2025\/10\/Agenor-Narcoterrorismo-300x104.png 300w, https:\/\/7ports.com.br\/wp-content\/uploads\/2025\/10\/Agenor-Narcoterrorismo-768x265.png 768w\" sizes=\"(max-width: 1022px) 100vw, 1022px\" \/><\/figure><div class=\"wp-block-media-text__content\">\n<ul>\n<li>Artigo: Narcoterrorismo<\/li>\n\n\n\n<li>Editor Resposavel: Agenor Candido <\/li>\n\n\n\n<li>Data: 02\/11\/2025<\/li>\n\n\n\n<li>Texto: <a href=\"https:\/\/7ports.com.br\/?p=10006\">https:\/\/7ports.com.br\/?p=10006<\/a>o<\/li>\n<\/ul>\n<\/div><\/div>\n\n\n\n<hr class=\"wp-block-separator has-alpha-channel-opacity\"\/>\n\n\n\n<div class=\"wp-block-media-text alignwide is-stacked-on-mobile\" style=\"grid-template-columns:41% auto\"><figure class=\"wp-block-media-text__media\"><img decoding=\"async\" loading=\"lazy\" width=\"962\" height=\"338\" src=\"https:\/\/7ports.com.br\/wp-content\/uploads\/2025\/11\/bicho.png\" alt=\"\" class=\"wp-image-10083 size-full\" srcset=\"https:\/\/7ports.com.br\/wp-content\/uploads\/2025\/11\/bicho.png 962w, https:\/\/7ports.com.br\/wp-content\/uploads\/2025\/11\/bicho-300x105.png 300w, https:\/\/7ports.com.br\/wp-content\/uploads\/2025\/11\/bicho-768x270.png 768w\" sizes=\"(max-width: 962px) 100vw, 962px\" \/><\/figure><div class=\"wp-block-media-text__content\">\n<ul>\n<li>Artigo: A taxa\u00e7\u00e3o, n\u00e3o \u00e9 o bicho pap\u00e3o ainda n\u00e3o.<\/li>\n\n\n\n<li>Editor: Agenor Candido <\/li>\n\n\n\n<li>Data: 20\/10\/2025<\/li>\n\n\n\n<li>Texto: <a href=\"https:\/\/7ports.com.br\/?p=9453\">https:\/\/7ports.com.br\/?p=9453<\/a><\/li>\n<\/ul>\n<\/div><\/div>\n\n\n\n<hr class=\"wp-block-separator has-alpha-channel-opacity\"\/>\n\n\n\n<div class=\"wp-block-media-text alignwide is-stacked-on-mobile\" style=\"grid-template-columns:41% auto\"><figure class=\"wp-block-media-text__media\"><img decoding=\"async\" loading=\"lazy\" width=\"1003\" height=\"562\" src=\"https:\/\/7ports.com.br\/wp-content\/uploads\/2025\/11\/Aposentados.png\" alt=\"\" class=\"wp-image-10087 size-full\" srcset=\"https:\/\/7ports.com.br\/wp-content\/uploads\/2025\/11\/Aposentados.png 1003w, https:\/\/7ports.com.br\/wp-content\/uploads\/2025\/11\/Aposentados-300x168.png 300w, https:\/\/7ports.com.br\/wp-content\/uploads\/2025\/11\/Aposentados-768x430.png 768w\" sizes=\"(max-width: 1003px) 100vw, 1003px\" \/><\/figure><div class=\"wp-block-media-text__content\">\n<ul>\n<li>Artigo: Roubar aposentados ja \u00e9 um esc\u00e1rnio <\/li>\n\n\n\n<li>Editor: Agenor Candido <\/li>\n\n\n\n<li>Data 10\/09\/2025<\/li>\n\n\n\n<li>Texto: <a href=\"https:\/\/7ports.com.br\/?p=9310\">https:\/\/7ports.com.br\/?p=9310<\/a><\/li>\n<\/ul>\n<\/div><\/div>\n\n\n\n<hr class=\"wp-block-separator has-alpha-channel-opacity\"\/>\n\n\n\n<figure class=\"wp-block-image size-full is-resized\"><img decoding=\"async\" loading=\"lazy\" src=\"https:\/\/7ports.com.br\/wp-content\/uploads\/2024\/02\/Idolatria.png\" alt=\"\" class=\"wp-image-8186\" width=\"460\" height=\"257\" srcset=\"https:\/\/7ports.com.br\/wp-content\/uploads\/2024\/02\/Idolatria.png 994w, https:\/\/7ports.com.br\/wp-content\/uploads\/2024\/02\/Idolatria-300x168.png 300w, https:\/\/7ports.com.br\/wp-content\/uploads\/2024\/02\/Idolatria-768x429.png 768w\" sizes=\"(max-width: 460px) 100vw, 460px\" \/><\/figure>\n\n\n\n<hr class=\"wp-block-separator has-alpha-channel-opacity\"\/>\n\n\n\n<figure class=\"wp-block-image size-full is-resized\"><img decoding=\"async\" loading=\"lazy\" src=\"https:\/\/7ports.com.br\/wp-content\/uploads\/2022\/05\/Imagem21.png\" alt=\"\" class=\"wp-image-7772\" width=\"458\" height=\"266\" srcset=\"https:\/\/7ports.com.br\/wp-content\/uploads\/2022\/05\/Imagem21.png 994w, https:\/\/7ports.com.br\/wp-content\/uploads\/2022\/05\/Imagem21-300x175.png 300w, https:\/\/7ports.com.br\/wp-content\/uploads\/2022\/05\/Imagem21-768x447.png 768w\" sizes=\"(max-width: 458px) 100vw, 458px\" \/><\/figure>\n\n\n\n<hr class=\"wp-block-separator has-alpha-channel-opacity\"\/>\n\n\n\n<figure class=\"wp-block-image size-full is-resized\"><img decoding=\"async\" loading=\"lazy\" src=\"https:\/\/7ports.com.br\/wp-content\/uploads\/2022\/05\/Brazil-Formatado.png\" alt=\"\" class=\"wp-image-7421\" width=\"457\" height=\"256\" srcset=\"https:\/\/7ports.com.br\/wp-content\/uploads\/2022\/05\/Brazil-Formatado.png 993w, https:\/\/7ports.com.br\/wp-content\/uploads\/2022\/05\/Brazil-Formatado-300x169.png 300w, https:\/\/7ports.com.br\/wp-content\/uploads\/2022\/05\/Brazil-Formatado-768x432.png 768w\" sizes=\"(max-width: 457px) 100vw, 457px\" \/><\/figure>\n","protected":false},"excerpt":{"rendered":"<p>Todos os editoriais encontraremos os links, organizados por data nesta pagina. a Texto: https:\/\/7ports.com.br\/?p=10147o<\/p>\n","protected":false},"author":1,"featured_media":0,"parent":0,"menu_order":0,"comment_status":"closed","ping_status":"closed","template":"","meta":[],"_links":{"self":[{"href":"https:\/\/7ports.com.br\/index.php?rest_route=\/wp\/v2\/pages\/10067"}],"collection":[{"href":"https:\/\/7ports.com.br\/index.php?rest_route=\/wp\/v2\/pages"}],"about":[{"href":"https:\/\/7ports.com.br\/index.php?rest_route=\/wp\/v2\/types\/page"}],"author":[{"embeddable":true,"href":"https:\/\/7ports.com.br\/index.php?rest_route=\/wp\/v2\/users\/1"}],"replies":[{"embeddable":true,"href":"https:\/\/7ports.com.br\/index.php?rest_route=%2Fwp%2Fv2%2Fcomments&post=10067"}],"version-history":[{"count":20,"href":"https:\/\/7ports.com.br\/index.php?rest_route=\/wp\/v2\/pages\/10067\/revisions"}],"predecessor-version":[{"id":10168,"href":"https:\/\/7ports.com.br\/index.php?rest_route=\/wp\/v2\/pages\/10067\/revisions\/10168"}],"wp:attachment":[{"href":"https:\/\/7ports.com.br\/index.php?rest_route=%2Fwp%2Fv2%2Fmedia&parent=10067"}],"curies":[{"name":"wp","href":"https:\/\/api.w.org\/{rel}","templated":true}]}}