
{"id":10868,"date":"2026-04-18T07:46:41","date_gmt":"2026-04-18T10:46:41","guid":{"rendered":"https:\/\/7ports.com.br\/?page_id=10868"},"modified":"2026-04-18T10:32:44","modified_gmt":"2026-04-18T13:32:44","slug":"classicados-7","status":"publish","type":"page","link":"https:\/\/7ports.com.br\/?page_id=10868","title":{"rendered":"Classificados"},"content":{"rendered":"\n<div class=\"wp-block-media-text alignwide is-stacked-on-mobile is-vertically-aligned-center\"><figure class=\"wp-block-media-text__media\"><img decoding=\"async\" loading=\"lazy\" width=\"318\" height=\"159\" src=\"https:\/\/7ports.com.br\/wp-content\/uploads\/2026\/04\/classificados.jpeg\" alt=\"\" class=\"wp-image-10937 size-full\" srcset=\"https:\/\/7ports.com.br\/wp-content\/uploads\/2026\/04\/classificados.jpeg 318w, https:\/\/7ports.com.br\/wp-content\/uploads\/2026\/04\/classificados-300x150.jpeg 300w\" sizes=\"(max-width: 318px) 100vw, 318px\" \/><\/figure><div class=\"wp-block-media-text__content\">\n<p>Disponibilizamos este espa\u00e7o para an\u00fancios de forma totalmente gratuita. O per\u00edodo de publica\u00e7\u00e3o \u00e9 de tr\u00eas meses, podendo ser estendido mediante solicita\u00e7\u00e3o pelo mesmo formul\u00e1rio. O sistema de busca funciona com base em palavras-chave definidas pelo anunciante, garantindo maior precis\u00e3o nos resultados. Mensalmente, \u00e9 enviado um relat\u00f3rio ao e-mail cadastrado, contendo dados como n\u00famero de visualiza\u00e7\u00f5es, localiza\u00e7\u00e3o dos acessos e registros de contato.<\/p>\n<\/div><\/div>\n\n\n\n<h2 class=\"wp-block-heading\">Palavras chaves mais procuradas:<\/h2>\n\n\n\n<p><strong>IM\u00d3VEIS<\/strong>; vagas, casas, apartamentos, chacaras, sitios fazendas <\/p>\n\n\n\n<p>Moveis: bicicletas, patinetes, motocicletas, carros \/ caminh\u00f5es, embarca\u00e7\u00f5es, aeronaves<\/p>\n\n\n\n<p>Utencilios domesticos:<\/p>\n\n\n\n<p>Maquinas:<\/p>\n\n\n\n<p>Roupas;<\/p>\n\n\n\n<p>Colecionadores;<\/p>\n\n\n\n<p>Antiquarius;<\/p>\n\n\n\n<p>Ferramentas; <\/p>\n\n\n\n<p>Maquinas; <\/p>\n\n\n\n<p>Sevi\u00e7os <\/p>\n\n\n\n<p><\/p>\n","protected":false},"excerpt":{"rendered":"<p>Disponibilizamos este espa\u00e7o para an\u00fancios de forma totalmente gratuita. O per\u00edodo de publica\u00e7\u00e3o \u00e9 de tr\u00eas meses, podendo ser estendido mediante solicita\u00e7\u00e3o pelo mesmo formul\u00e1rio. O sistema de busca funciona<\/p>\n","protected":false},"author":1,"featured_media":0,"parent":0,"menu_order":0,"comment_status":"closed","ping_status":"closed","template":"","meta":[],"_links":{"self":[{"href":"https:\/\/7ports.com.br\/index.php?rest_route=\/wp\/v2\/pages\/10868"}],"collection":[{"href":"https:\/\/7ports.com.br\/index.php?rest_route=\/wp\/v2\/pages"}],"about":[{"href":"https:\/\/7ports.com.br\/index.php?rest_route=\/wp\/v2\/types\/page"}],"author":[{"embeddable":true,"href":"https:\/\/7ports.com.br\/index.php?rest_route=\/wp\/v2\/users\/1"}],"replies":[{"embeddable":true,"href":"https:\/\/7ports.com.br\/index.php?rest_route=%2Fwp%2Fv2%2Fcomments&post=10868"}],"version-history":[{"count":14,"href":"https:\/\/7ports.com.br\/index.php?rest_route=\/wp\/v2\/pages\/10868\/revisions"}],"predecessor-version":[{"id":10939,"href":"https:\/\/7ports.com.br\/index.php?rest_route=\/wp\/v2\/pages\/10868\/revisions\/10939"}],"wp:attachment":[{"href":"https:\/\/7ports.com.br\/index.php?rest_route=%2Fwp%2Fv2%2Fmedia&parent=10868"}],"curies":[{"name":"wp","href":"https:\/\/api.w.org\/{rel}","templated":true}]}}