
{"id":8922,"date":"2024-11-20T10:24:07","date_gmt":"2024-11-20T13:24:07","guid":{"rendered":"https:\/\/7ports.com.br\/?page_id=8922"},"modified":"2026-03-14T13:27:22","modified_gmt":"2026-03-14T16:27:22","slug":"7temas","status":"publish","type":"page","link":"https:\/\/7ports.com.br\/?page_id=8922","title":{"rendered":"SevenP\u00e9dia"},"content":{"rendered":"\n<hr class=\"wp-block-separator has-alpha-channel-opacity\"\/>\n\n\n\n<p>Existem dezenas de enciclop\u00e9dias no mundo, alcan\u00e7ando os mais diversos temas. Destaca-se a Wikp\u00e9dia que neste momento,  empreende velocidade de prospec\u00e7\u00e3o do conhecimento e atualiza\u00e7\u00e3o virtual quase que em tempo real, j\u00e1 a Archive se preocupa com o acervo de toda a massa virtual da mem\u00f3ria algor\u00edtima &#8211; n\u00e3o esque\u00e7amos do passado secular vitorioso da Barsa e outras de segmentos mais especificos.<\/p>\n\n\n\n<p>J\u00e1 a SevenP\u00e9dia a ca\u00e7ula do segmento, vem demosntrando exito acelerado, j\u00e1 que o seu olhar \u00e9 fundamentado em dois eixos: <strong><em>circunstanciais <\/em><\/strong>e <strong><em>palavras chaves <\/em><\/strong>&#8211; a cultura humana n\u00e3o aceita mais o desped\u00edcio do <strong>Tempo <\/strong>e acaba de descobrir a potencialidade economica da <strong>\u00daltima Milha <\/strong>se apresenta de forma definitiva.<\/p>\n\n\n\n<hr class=\"wp-block-separator has-alpha-channel-opacity\"\/>\n\n\n\n<div class=\"wp-block-media-text alignwide is-stacked-on-mobile\"><figure class=\"wp-block-media-text__media\"><img decoding=\"async\" loading=\"lazy\" width=\"589\" height=\"378\" src=\"https:\/\/7ports.com.br\/wp-content\/uploads\/2026\/03\/Imagem1.png\" alt=\"\" class=\"wp-image-10705 size-full\" srcset=\"https:\/\/7ports.com.br\/wp-content\/uploads\/2026\/03\/Imagem1.png 589w, https:\/\/7ports.com.br\/wp-content\/uploads\/2026\/03\/Imagem1-300x193.png 300w\" sizes=\"(max-width: 589px) 100vw, 589px\" \/><\/figure><div class=\"wp-block-media-text__content\">\n<h2 class=\"wp-block-heading\"><a href=\"http:\/\/wickpedia.org\">http:\/\/wickpedia.org<\/a> <\/h2>\n<\/div><\/div>\n\n\n\n<hr class=\"wp-block-separator has-alpha-channel-opacity\"\/>\n\n\n\n<div class=\"wp-block-media-text alignwide is-stacked-on-mobile\"><figure class=\"wp-block-media-text__media\"><img decoding=\"async\" loading=\"lazy\" width=\"589\" height=\"360\" src=\"https:\/\/7ports.com.br\/wp-content\/uploads\/2026\/03\/Imagem3.png\" alt=\"\" class=\"wp-image-10707 size-full\" srcset=\"https:\/\/7ports.com.br\/wp-content\/uploads\/2026\/03\/Imagem3.png 589w, https:\/\/7ports.com.br\/wp-content\/uploads\/2026\/03\/Imagem3-300x183.png 300w\" sizes=\"(max-width: 589px) 100vw, 589px\" \/><\/figure><div class=\"wp-block-media-text__content\">\n<p>Enciclopedia numero 1 em generalidades do Mundo<\/p>\n<\/div><\/div>\n\n\n\n<hr class=\"wp-block-separator has-alpha-channel-opacity\"\/>\n\n\n\n<div class=\"wp-block-media-text alignwide is-stacked-on-mobile\"><figure class=\"wp-block-media-text__media\"><img decoding=\"async\" loading=\"lazy\" width=\"640\" height=\"360\" src=\"https:\/\/7ports.com.br\/wp-content\/uploads\/2026\/03\/Imagem2.png\" alt=\"\" class=\"wp-image-10706 size-full\" srcset=\"https:\/\/7ports.com.br\/wp-content\/uploads\/2026\/03\/Imagem2.png 640w, https:\/\/7ports.com.br\/wp-content\/uploads\/2026\/03\/Imagem2-300x169.png 300w\" sizes=\"(max-width: 640px) 100vw, 640px\" \/><\/figure><div class=\"wp-block-media-text__content\">\n<p><\/p>\n<\/div><\/div>\n\n\n\n<hr class=\"wp-block-separator has-alpha-channel-opacity\"\/>\n\n\n\n<div class=\"wp-block-media-text alignwide is-stacked-on-mobile\"><figure class=\"wp-block-media-text__media\"><img decoding=\"async\" loading=\"lazy\" width=\"640\" height=\"360\" src=\"https:\/\/7ports.com.br\/wp-content\/uploads\/2026\/03\/Imagem4.png\" alt=\"\" class=\"wp-image-10704 size-full\" srcset=\"https:\/\/7ports.com.br\/wp-content\/uploads\/2026\/03\/Imagem4.png 640w, https:\/\/7ports.com.br\/wp-content\/uploads\/2026\/03\/Imagem4-300x169.png 300w\" sizes=\"(max-width: 640px) 100vw, 640px\" \/><\/figure><div class=\"wp-block-media-text__content\">\n<h2 class=\"wp-block-heading\"><a href=\"http:\/\/archive.org\">http:\/\/archive.org<\/a><\/h2>\n<\/div><\/div>\n\n\n\n<hr class=\"wp-block-separator has-alpha-channel-opacity\"\/>\n\n\n\n<div class=\"wp-block-media-text alignwide is-stacked-on-mobile\"><figure class=\"wp-block-media-text__media\"><img decoding=\"async\" loading=\"lazy\" width=\"640\" height=\"360\" src=\"https:\/\/7ports.com.br\/wp-content\/uploads\/2026\/03\/Imagem6.png\" alt=\"\" class=\"wp-image-10718 size-full\" srcset=\"https:\/\/7ports.com.br\/wp-content\/uploads\/2026\/03\/Imagem6.png 640w, https:\/\/7ports.com.br\/wp-content\/uploads\/2026\/03\/Imagem6-300x169.png 300w\" sizes=\"(max-width: 640px) 100vw, 640px\" \/><\/figure><div class=\"wp-block-media-text__content\">\n<p>Fundada em 2026 a enciclop\u00e9dia <strong>SevenPedia<\/strong>, tem a linha do tempo, como desenvolvimento humano significativo, e captura o conhecimento final da <em>Ultima Milha <\/em>e a <em>Conquista Espacial<\/em>.<\/p>\n\n\n\n<p><\/p>\n<\/div><\/div>\n\n\n\n<hr class=\"wp-block-separator has-alpha-channel-opacity\"\/>\n\n\n\n<!-- iframe plugin v.6.0 wordpress.org\/plugins\/iframe\/ -->\n<iframe src=\"https:\/\/2.7ports.com.br\" 0=\"width:&quot;100%&quot;\" 1=\"height:&quot;100%&quot;\" width=\"100%\" height=\"500\" scrolling=\"yes\" class=\"iframe-class\" frameborder=\"0\"><\/iframe>\n","protected":false},"excerpt":{"rendered":"<p>Existem dezenas de enciclop\u00e9dias no mundo, alcan\u00e7ando os mais diversos temas. Destaca-se a Wikp\u00e9dia que neste momento, empreende velocidade de prospec\u00e7\u00e3o do conhecimento e atualiza\u00e7\u00e3o virtual quase que em tempo<\/p>\n","protected":false},"author":1,"featured_media":0,"parent":0,"menu_order":0,"comment_status":"closed","ping_status":"closed","template":"","meta":[],"_links":{"self":[{"href":"https:\/\/7ports.com.br\/index.php?rest_route=\/wp\/v2\/pages\/8922"}],"collection":[{"href":"https:\/\/7ports.com.br\/index.php?rest_route=\/wp\/v2\/pages"}],"about":[{"href":"https:\/\/7ports.com.br\/index.php?rest_route=\/wp\/v2\/types\/page"}],"author":[{"embeddable":true,"href":"https:\/\/7ports.com.br\/index.php?rest_route=\/wp\/v2\/users\/1"}],"replies":[{"embeddable":true,"href":"https:\/\/7ports.com.br\/index.php?rest_route=%2Fwp%2Fv2%2Fcomments&post=8922"}],"version-history":[{"count":11,"href":"https:\/\/7ports.com.br\/index.php?rest_route=\/wp\/v2\/pages\/8922\/revisions"}],"predecessor-version":[{"id":10722,"href":"https:\/\/7ports.com.br\/index.php?rest_route=\/wp\/v2\/pages\/8922\/revisions\/10722"}],"wp:attachment":[{"href":"https:\/\/7ports.com.br\/index.php?rest_route=%2Fwp%2Fv2%2Fmedia&parent=8922"}],"curies":[{"name":"wp","href":"https:\/\/api.w.org\/{rel}","templated":true}]}}