
{"id":9784,"date":"2025-10-10T18:47:39","date_gmt":"2025-10-10T21:47:39","guid":{"rendered":"https:\/\/7ports.com.br\/?page_id=9784"},"modified":"2026-04-18T10:22:10","modified_gmt":"2026-04-18T13:22:10","slug":"7-creditos","status":"publish","type":"page","link":"https:\/\/7ports.com.br\/?page_id=9784","title":{"rendered":"7 Creditos"},"content":{"rendered":"\n<hr class=\"wp-block-separator has-alpha-channel-opacity\"\/>\n\n\n\n<div class=\"wp-block-media-text alignwide is-stacked-on-mobile\"><figure class=\"wp-block-media-text__media\"><img decoding=\"async\" loading=\"lazy\" width=\"817\" height=\"526\" src=\"https:\/\/7ports.com.br\/wp-content\/uploads\/2026\/04\/cartao-de-credito.png\" alt=\"\" class=\"wp-image-10923 size-full\" srcset=\"https:\/\/7ports.com.br\/wp-content\/uploads\/2026\/04\/cartao-de-credito.png 817w, https:\/\/7ports.com.br\/wp-content\/uploads\/2026\/04\/cartao-de-credito-300x193.png 300w, https:\/\/7ports.com.br\/wp-content\/uploads\/2026\/04\/cartao-de-credito-768x494.png 768w\" sizes=\"(max-width: 817px) 100vw, 817px\" \/><\/figure><div class=\"wp-block-media-text__content\">\n<p><strong>Cart\u00e3o de Cr\u00e9dito e D\u00e9bito 7 Ports<\/strong><\/p>\n\n\n\n<p>Voc\u00ea ter\u00e1 R$ 100,00 na conta, assim que apresentar dois amigos.<\/p>\n<\/div><\/div>\n\n\n\n<hr class=\"wp-block-separator has-alpha-channel-opacity\"\/>\n","protected":false},"excerpt":{"rendered":"<p>Cart\u00e3o de Cr\u00e9dito e D\u00e9bito 7 Ports Voc\u00ea ter\u00e1 R$ 100,00 na conta, assim que apresentar dois amigos.<\/p>\n","protected":false},"author":1,"featured_media":0,"parent":0,"menu_order":0,"comment_status":"closed","ping_status":"closed","template":"","meta":[],"_links":{"self":[{"href":"https:\/\/7ports.com.br\/index.php?rest_route=\/wp\/v2\/pages\/9784"}],"collection":[{"href":"https:\/\/7ports.com.br\/index.php?rest_route=\/wp\/v2\/pages"}],"about":[{"href":"https:\/\/7ports.com.br\/index.php?rest_route=\/wp\/v2\/types\/page"}],"author":[{"embeddable":true,"href":"https:\/\/7ports.com.br\/index.php?rest_route=\/wp\/v2\/users\/1"}],"replies":[{"embeddable":true,"href":"https:\/\/7ports.com.br\/index.php?rest_route=%2Fwp%2Fv2%2Fcomments&post=9784"}],"version-history":[{"count":3,"href":"https:\/\/7ports.com.br\/index.php?rest_route=\/wp\/v2\/pages\/9784\/revisions"}],"predecessor-version":[{"id":10926,"href":"https:\/\/7ports.com.br\/index.php?rest_route=\/wp\/v2\/pages\/9784\/revisions\/10926"}],"wp:attachment":[{"href":"https:\/\/7ports.com.br\/index.php?rest_route=%2Fwp%2Fv2%2Fmedia&parent=9784"}],"curies":[{"name":"wp","href":"https:\/\/api.w.org\/{rel}","templated":true}]}}